{"id":3253,"date":"2024-01-15T10:03:48","date_gmt":"2024-01-15T10:03:48","guid":{"rendered":"https:\/\/deepfloweurope.com\/?page_id=3253"},"modified":"2024-02-21T11:31:04","modified_gmt":"2024-02-21T11:31:04","slug":"mentions-legales","status":"publish","type":"page","link":"https:\/\/deepfloweurope.com\/en\/mentions-legales\/","title":{"rendered":"Legal information"},"content":{"rendered":"<div class=\"wp-block-uagb-container uagb-block-scrvv2kq alignfull uagb-is-root-container\"><div class=\"uagb-container-inner-blocks-wrap\">\n<div class=\"wp-block-uagb-info-box uagb-block-zszi5trc uagb-infobox__content-wrap  uagb-infobox-icon-above-title uagb-infobox-image-valign-top\"><div class=\"uagb-ifb-content\"><div class=\"uagb-ifb-title-wrap\"><h1 class=\"uagb-ifb-title\">legal information<\/h1><\/div><\/div><\/div>\n<\/div><\/div>\n\n\n\n<div class=\"wp-block-uagb-container uagb-block-u9pilupb alignfull uagb-is-root-container\"><div class=\"uagb-container-inner-blocks-wrap\">\n<hr class=\"wp-block-separator has-text-color has-ast-global-color-0-color has-alpha-channel-opacity has-ast-global-color-0-background-color has-background is-style-wide\" style=\"margin-top:0;margin-bottom:0\"\/>\n\n\n\n<p>Conform\u00e9ment aux dispositions de la loi n\u00b0 2004-575 du 21 juin 2004 pour la confiance en l&rsquo;\u00e9conomie num\u00e9rique, il est pr\u00e9cis\u00e9 aux utilisateurs du site deepfloweurope.com l&rsquo;identit\u00e9 des diff\u00e9rents intervenants dans le cadre de sa r\u00e9alisation et de son suivi.<\/p>\n\n\n\n<div class=\"wp-block-uagb-container uagb-block-97e98d95\">\n<p class=\"has-medium-font-size\"><strong>Site editing&nbsp;<\/strong>: <\/p>\n\n\n\n<hr class=\"wp-block-separator has-text-color has-ast-global-color-0-color has-alpha-channel-opacity has-ast-global-color-0-background-color has-background is-style-wide\" style=\"margin-top:0px;margin-bottom:0px\"\/>\n\n\n\n<p>This site, accessible at the URL www.deepfloweurope.com (the \"Site\"), is published by : <a href=\"https:\/\/www.linkedin.com\/in\/elsa-blacha-a28b21a4\/\" data-type=\"link\" data-id=\"https:\/\/www.linkedin.com\/in\/elsa-blacha-a28b21a4\/\">elsa blacha<\/a>, r\u00e9sidant 40230, de nationalit\u00e9 Fran\u00e7aise (France), n\u00e9(e) le 05\/04\/1993,&nbsp; ainsi qu&rsquo;au R.M. sous le num\u00e9ro 852089341RM40,<br><\/p>\n\n\n\n<p class=\"has-medium-font-size\"><strong>Hosting<\/strong><\/p>\n\n\n\n<hr class=\"wp-block-separator has-text-color has-ast-global-color-0-color has-alpha-channel-opacity has-ast-global-color-0-background-color has-background is-style-wide\" style=\"margin-top:0px;margin-bottom:0px\"\/>\n\n\n\n<p><br>The Site is hosted by Hostinger International LTD, located in , (telephone contact or email: https:\/\/www.hostinger.fr\/contact).<\/p>\n<\/div>\n\n\n\n<p class=\"has-medium-font-size\"><strong>Publishing Director&nbsp;<\/strong><\/p>\n\n\n\n<hr class=\"wp-block-separator has-text-color has-ast-global-color-0-color has-alpha-channel-opacity has-ast-global-color-0-background-color has-background is-style-wide\" style=\"margin-top:0;margin-bottom:0\"\/>\n\n\n\n<p><br>Le Directeur de la publication du Site est Elsa Blacha.<\/p>\n\n\n\n<p class=\"has-medium-font-size\"><strong>Contact us&nbsp;<\/strong><\/p>\n\n\n\n<hr class=\"wp-block-separator has-text-color has-ast-global-color-0-color has-alpha-channel-opacity has-ast-global-color-0-background-color has-background is-style-wide\" style=\"margin-top:0;margin-bottom:0\"\/>\n\n\n\n<div class=\"wp-block-uagb-info-box uagb-block-bdb7f18d uagb-infobox__content-wrap  uagb-infobox-icon-left uagb-infobox-left uagb-infobox-stacked-tablet uagb-infobox-image-valign-middle\"><div class=\"uagb-ifb-icon-wrap\"><svg xmlns=\"https:\/\/www.w3.org\/2000\/svg\" viewbox=\"0 0 448 512\"><path d=\"M384 32H64C28.65 32 0 60.65 0 96v320c0 35.35 28.65 64 64 64h320c35.35 0 64-28.65 64-64V96C448 60.65 419.3 32 384 32zM351.6 321.5l-11.62 50.39c-1.633 7.125-7.9 12.11-15.24 12.11c-126.1 0-228.7-102.6-228.7-228.8c0-7.328 4.984-13.59 12.11-15.22l50.38-11.63c7.344-1.703 14.88 2.109 17.93 9.062l23.27 54.28c2.719 6.391 .8828 13.83-4.492 18.22L168.3 232c16.99 34.61 45.14 62.75 79.77 79.75l22.02-26.91c4.344-5.391 11.85-7.25 18.24-4.484l54.24 23.25C349.5 306.6 353.3 314.2 351.6 321.5z\"><\/path><\/svg><\/div><div class=\"uagb-ifb-content\"><div class=\"uagb-ifb-title-wrap\"><\/div><p class=\"uagb-ifb-desc\">Par t\u00e9l\u00e9phone : 0645159294<\/p><\/div><\/div>\n\n\n\n<div class=\"wp-block-uagb-info-box uagb-block-a40899bd uagb-infobox__content-wrap  uagb-infobox-icon-left uagb-infobox-left uagb-infobox-stacked-tablet uagb-infobox-image-valign-middle\"><div class=\"uagb-ifb-icon-wrap\"><svg xmlns=\"https:\/\/www.w3.org\/2000\/svg\" viewbox=\"0 0 448 512\"><path d=\"M384 32H64C28.63 32 0 60.63 0 96v320c0 35.38 28.62 64 64 64h320c35.38 0 64-28.62 64-64V96C448 60.63 419.4 32 384 32zM384 336c0 17.67-14.33 32-32 32H96c-17.67 0-32-14.33-32-32V225.9l138.5 69.27C209.3 298.5 216.6 300.2 224 300.2s14.75-1.688 21.47-5.047L384 225.9V336zM384 190.1l-152.8 76.42c-4.5 2.25-9.812 2.25-14.31 0L64 190.1V176c0-17.67 14.33-32 32-32h256c17.67 0 32 14.33 32 32V190.1z\"><\/path><\/svg><\/div><div class=\"uagb-ifb-content\"><div class=\"uagb-ifb-title-wrap\"><\/div><p class=\"uagb-ifb-desc\">By email: blacha.elsa@gmail.com<\/p><\/div><\/div>\n\n\n\n<div class=\"wp-block-uagb-info-box uagb-block-e148710c uagb-infobox__content-wrap  uagb-infobox-icon-left uagb-infobox-left uagb-infobox-stacked-tablet uagb-infobox-image-valign-middle\"><div class=\"uagb-ifb-icon-wrap\"><svg xmlns=\"https:\/\/www.w3.org\/2000\/svg\" viewbox=\"0 0 448 512\"><path d=\"M384 32C419.3 32 448 60.65 448 96V416C448 451.3 419.3 480 384 480H64C28.65 480 0 451.3 0 416V96C0 60.65 28.65 32 64 32H384zM339.8 211.8C350.7 200.9 350.7 183.1 339.8 172.2C328.9 161.3 311.1 161.3 300.2 172.2L192 280.4L147.8 236.2C136.9 225.3 119.1 225.3 108.2 236.2C97.27 247.1 97.27 264.9 108.2 275.8L172.2 339.8C183.1 350.7 200.9 350.7 211.8 339.8L339.8 211.8z\"><\/path><\/svg><\/div><div class=\"uagb-ifb-content\"><div class=\"uagb-ifb-title-wrap\"><\/div><p class=\"uagb-ifb-desc\">By mail: Tosse 40230<\/p><\/div><\/div>\n\n\n\n<p>Legal notices generated by <a href=\"https:\/\/www.legalstart.fr\/\">Legalstart<\/a>.<\/p>\n<\/div><\/div>","protected":false},"excerpt":{"rendered":"<p>Conform\u00e9ment aux dispositions de la loi n\u00b0 2004-575 du 21 juin 2004 pour la confiance en l&rsquo;\u00e9conomie num\u00e9rique, il est pr\u00e9cis\u00e9 aux utilisateurs du site deepfloweurope.com l&rsquo;identit\u00e9 des diff\u00e9rents intervenants [&hellip;]<\/p>\n","protected":false},"author":3,"featured_media":0,"parent":0,"menu_order":0,"comment_status":"closed","ping_status":"closed","template":"","meta":{"_uag_custom_page_level_css":"","site-sidebar-layout":"default","site-content-layout":"","ast-site-content-layout":"default","site-content-style":"default","site-sidebar-style":"default","ast-global-header-display":"","ast-banner-title-visibility":"","ast-main-header-display":"","ast-hfb-above-header-display":"","ast-hfb-below-header-display":"","ast-hfb-mobile-header-display":"","site-post-title":"disabled","ast-breadcrumbs-content":"","ast-featured-img":"","footer-sml-layout":"","ast-disable-related-posts":"","theme-transparent-header-meta":"","adv-header-id-meta":"","stick-header-meta":"","header-above-stick-meta":"","header-main-stick-meta":"","header-below-stick-meta":"","astra-migrate-meta-layouts":"default","ast-page-background-enabled":"default","ast-page-background-meta":{"desktop":{"background-color":"var(--ast-global-color-4)","background-image":"","background-repeat":"repeat","background-position":"center center","background-size":"auto","background-attachment":"scroll","background-type":"","background-media":"","overlay-type":"","overlay-color":"","overlay-opacity":"","overlay-gradient":""},"tablet":{"background-color":"","background-image":"","background-repeat":"repeat","background-position":"center center","background-size":"auto","background-attachment":"scroll","background-type":"","background-media":"","overlay-type":"","overlay-color":"","overlay-opacity":"","overlay-gradient":""},"mobile":{"background-color":"","background-image":"","background-repeat":"repeat","background-position":"center center","background-size":"auto","background-attachment":"scroll","background-type":"","background-media":"","overlay-type":"","overlay-color":"","overlay-opacity":"","overlay-gradient":""}},"ast-content-background-meta":{"desktop":{"background-color":"var(--ast-global-color-5)","background-image":"","background-repeat":"repeat","background-position":"center center","background-size":"auto","background-attachment":"scroll","background-type":"","background-media":"","overlay-type":"","overlay-color":"","overlay-opacity":"","overlay-gradient":""},"tablet":{"background-color":"var(--ast-global-color-5)","background-image":"","background-repeat":"repeat","background-position":"center center","background-size":"auto","background-attachment":"scroll","background-type":"","background-media":"","overlay-type":"","overlay-color":"","overlay-opacity":"","overlay-gradient":""},"mobile":{"background-color":"var(--ast-global-color-5)","background-image":"","background-repeat":"repeat","background-position":"center center","background-size":"auto","background-attachment":"scroll","background-type":"","background-media":"","overlay-type":"","overlay-color":"","overlay-opacity":"","overlay-gradient":""}},"footnotes":""},"class_list":["post-3253","page","type-page","status-publish","hentry"],"yoast_head":"<!-- This site is optimized with the Yoast SEO plugin v27.5 - https:\/\/yoast.com\/product\/yoast-seo-wordpress\/ -->\n<title>Mentions l\u00e9gales &#8226; Deep Flow europe<\/title>\n<meta name=\"description\" content=\"Retrouvez toutes les informations l\u00e9gales et indispensables, concernant le site en ligne &quot;www.deepfloweurope.com&quot;.\" \/>\n<meta name=\"robots\" content=\"index, follow, max-snippet:-1, max-image-preview:large, max-video-preview:-1\" \/>\n<link rel=\"canonical\" href=\"https:\/\/deepfloweurope.com\/en\/mentions-legales\/\" \/>\n<meta property=\"og:locale\" content=\"en_US\" \/>\n<meta property=\"og:type\" content=\"article\" \/>\n<meta property=\"og:title\" content=\"Mentions l\u00e9gales &#8226; Deep Flow europe\" \/>\n<meta property=\"og:description\" content=\"Retrouvez toutes les informations l\u00e9gales et indispensables, concernant le site en ligne &quot;www.deepfloweurope.com&quot;.\" \/>\n<meta property=\"og:url\" content=\"https:\/\/deepfloweurope.com\/en\/mentions-legales\/\" \/>\n<meta property=\"og:site_name\" content=\"Deep Flow europe\" \/>\n<meta property=\"article:publisher\" content=\"https:\/\/www.facebook.com\/DeepFlow.Europe\" \/>\n<meta property=\"article:modified_time\" content=\"2024-02-21T11:31:04+00:00\" \/>\n<meta name=\"twitter:card\" content=\"summary_large_image\" \/>\n<meta name=\"twitter:label1\" content=\"Est. reading time\" \/>\n\t<meta name=\"twitter:data1\" content=\"1 minute\" \/>\n<script type=\"application\/ld+json\" class=\"yoast-schema-graph\">{\"@context\":\"https:\\\/\\\/schema.org\",\"@graph\":[{\"@type\":\"WebPage\",\"@id\":\"https:\\\/\\\/deepfloweurope.com\\\/mentions-legales\\\/\",\"url\":\"https:\\\/\\\/deepfloweurope.com\\\/mentions-legales\\\/\",\"name\":\"Mentions l\u00e9gales &#8226; Deep Flow europe\",\"isPartOf\":{\"@id\":\"https:\\\/\\\/deepfloweurope.com\\\/#website\"},\"datePublished\":\"2024-01-15T10:03:48+00:00\",\"dateModified\":\"2024-02-21T11:31:04+00:00\",\"description\":\"Retrouvez toutes les informations l\u00e9gales et indispensables, concernant le site en ligne \\\"www.deepfloweurope.com\\\".\",\"breadcrumb\":{\"@id\":\"https:\\\/\\\/deepfloweurope.com\\\/mentions-legales\\\/#breadcrumb\"},\"inLanguage\":\"en-US\",\"potentialAction\":[{\"@type\":\"ReadAction\",\"target\":[\"https:\\\/\\\/deepfloweurope.com\\\/mentions-legales\\\/\"]}]},{\"@type\":\"BreadcrumbList\",\"@id\":\"https:\\\/\\\/deepfloweurope.com\\\/mentions-legales\\\/#breadcrumb\",\"itemListElement\":[{\"@type\":\"ListItem\",\"position\":1,\"name\":\"Accueil\",\"item\":\"https:\\\/\\\/deepfloweurope.com\\\/\"},{\"@type\":\"ListItem\",\"position\":2,\"name\":\"Mentions l\u00e9gales\"}]},{\"@type\":\"WebSite\",\"@id\":\"https:\\\/\\\/deepfloweurope.com\\\/#website\",\"url\":\"https:\\\/\\\/deepfloweurope.com\\\/\",\"name\":\"Deep Flow europe\",\"description\":\"ANNE COMPAGNON \u2022 TH\u00c9RAPIE MANUELLE \u2022 ALIGNEMENT \u2022 PLEINE CONSCIENCE\",\"publisher\":{\"@id\":\"https:\\\/\\\/deepfloweurope.com\\\/#organization\"},\"alternateName\":\"Deep Flow Europe par Anne Compagnon\",\"potentialAction\":[{\"@type\":\"SearchAction\",\"target\":{\"@type\":\"EntryPoint\",\"urlTemplate\":\"https:\\\/\\\/deepfloweurope.com\\\/?s={search_term_string}\"},\"query-input\":{\"@type\":\"PropertyValueSpecification\",\"valueRequired\":true,\"valueName\":\"search_term_string\"}}],\"inLanguage\":\"en-US\"},{\"@type\":\"Organization\",\"@id\":\"https:\\\/\\\/deepfloweurope.com\\\/#organization\",\"name\":\"Anne Compagnon\",\"url\":\"https:\\\/\\\/deepfloweurope.com\\\/\",\"logo\":{\"@type\":\"ImageObject\",\"inLanguage\":\"en-US\",\"@id\":\"https:\\\/\\\/deepfloweurope.com\\\/#\\\/schema\\\/logo\\\/image\\\/\",\"url\":\"https:\\\/\\\/deepfloweurope.com\\\/wp-content\\\/uploads\\\/2023\\\/12\\\/deepflow_logo.png\",\"contentUrl\":\"https:\\\/\\\/deepfloweurope.com\\\/wp-content\\\/uploads\\\/2023\\\/12\\\/deepflow_logo.png\",\"width\":700,\"height\":204,\"caption\":\"Anne Compagnon\"},\"image\":{\"@id\":\"https:\\\/\\\/deepfloweurope.com\\\/#\\\/schema\\\/logo\\\/image\\\/\"},\"sameAs\":[\"https:\\\/\\\/www.facebook.com\\\/DeepFlow.Europe\",\"https:\\\/\\\/www.instagram.com\\\/deepfloweurope\\\/\"]}]}<\/script>\n<!-- \/ Yoast SEO plugin. -->","yoast_head_json":{"title":"Mentions l\u00e9gales &#8226; Deep Flow europe","description":"Retrouvez toutes les informations l\u00e9gales et indispensables, concernant le site en ligne \"www.deepfloweurope.com\".","robots":{"index":"index","follow":"follow","max-snippet":"max-snippet:-1","max-image-preview":"max-image-preview:large","max-video-preview":"max-video-preview:-1"},"canonical":"https:\/\/deepfloweurope.com\/en\/mentions-legales\/","og_locale":"en_US","og_type":"article","og_title":"Mentions l\u00e9gales &#8226; Deep Flow europe","og_description":"Retrouvez toutes les informations l\u00e9gales et indispensables, concernant le site en ligne \"www.deepfloweurope.com\".","og_url":"https:\/\/deepfloweurope.com\/en\/mentions-legales\/","og_site_name":"Deep Flow europe","article_publisher":"https:\/\/www.facebook.com\/DeepFlow.Europe","article_modified_time":"2024-02-21T11:31:04+00:00","twitter_card":"summary_large_image","twitter_misc":{"Est. reading time":"1 minute"},"schema":{"@context":"https:\/\/schema.org","@graph":[{"@type":"WebPage","@id":"https:\/\/deepfloweurope.com\/mentions-legales\/","url":"https:\/\/deepfloweurope.com\/mentions-legales\/","name":"Mentions l\u00e9gales &#8226; Deep Flow europe","isPartOf":{"@id":"https:\/\/deepfloweurope.com\/#website"},"datePublished":"2024-01-15T10:03:48+00:00","dateModified":"2024-02-21T11:31:04+00:00","description":"Retrouvez toutes les informations l\u00e9gales et indispensables, concernant le site en ligne \"www.deepfloweurope.com\".","breadcrumb":{"@id":"https:\/\/deepfloweurope.com\/mentions-legales\/#breadcrumb"},"inLanguage":"en-US","potentialAction":[{"@type":"ReadAction","target":["https:\/\/deepfloweurope.com\/mentions-legales\/"]}]},{"@type":"BreadcrumbList","@id":"https:\/\/deepfloweurope.com\/mentions-legales\/#breadcrumb","itemListElement":[{"@type":"ListItem","position":1,"name":"Accueil","item":"https:\/\/deepfloweurope.com\/"},{"@type":"ListItem","position":2,"name":"Mentions l\u00e9gales"}]},{"@type":"WebSite","@id":"https:\/\/deepfloweurope.com\/#website","url":"https:\/\/deepfloweurope.com\/","name":"Deep Flow europe","description":"ANNE COMPAGNON \u2022 TH\u00c9RAPIE MANUELLE \u2022 ALIGNEMENT \u2022 PLEINE CONSCIENCE","publisher":{"@id":"https:\/\/deepfloweurope.com\/#organization"},"alternateName":"Deep Flow Europe par Anne Compagnon","potentialAction":[{"@type":"SearchAction","target":{"@type":"EntryPoint","urlTemplate":"https:\/\/deepfloweurope.com\/?s={search_term_string}"},"query-input":{"@type":"PropertyValueSpecification","valueRequired":true,"valueName":"search_term_string"}}],"inLanguage":"en-US"},{"@type":"Organization","@id":"https:\/\/deepfloweurope.com\/#organization","name":"Anne Compagnon","url":"https:\/\/deepfloweurope.com\/","logo":{"@type":"ImageObject","inLanguage":"en-US","@id":"https:\/\/deepfloweurope.com\/#\/schema\/logo\/image\/","url":"https:\/\/deepfloweurope.com\/wp-content\/uploads\/2023\/12\/deepflow_logo.png","contentUrl":"https:\/\/deepfloweurope.com\/wp-content\/uploads\/2023\/12\/deepflow_logo.png","width":700,"height":204,"caption":"Anne Compagnon"},"image":{"@id":"https:\/\/deepfloweurope.com\/#\/schema\/logo\/image\/"},"sameAs":["https:\/\/www.facebook.com\/DeepFlow.Europe","https:\/\/www.instagram.com\/deepfloweurope\/"]}]}},"uagb_featured_image_src":{"full":false,"thumbnail":false,"medium":false,"medium_large":false,"large":false,"1536x1536":false,"2048x2048":false,"trp-custom-language-flag":false},"uagb_author_info":{"display_name":"Anne Compagnon","author_link":"https:\/\/deepfloweurope.com\/en\/author\/annec\/"},"uagb_comment_info":0,"uagb_excerpt":"Conform\u00e9ment aux dispositions de la loi n\u00b0 2004-575 du 21 juin 2004 pour la confiance en l&rsquo;\u00e9conomie num\u00e9rique, il est pr\u00e9cis\u00e9 aux utilisateurs du site deepfloweurope.com l&rsquo;identit\u00e9 des diff\u00e9rents intervenants [&hellip;]","_links":{"self":[{"href":"https:\/\/deepfloweurope.com\/en\/wp-json\/wp\/v2\/pages\/3253","targetHints":{"allow":["GET"]}}],"collection":[{"href":"https:\/\/deepfloweurope.com\/en\/wp-json\/wp\/v2\/pages"}],"about":[{"href":"https:\/\/deepfloweurope.com\/en\/wp-json\/wp\/v2\/types\/page"}],"author":[{"embeddable":true,"href":"https:\/\/deepfloweurope.com\/en\/wp-json\/wp\/v2\/users\/3"}],"replies":[{"embeddable":true,"href":"https:\/\/deepfloweurope.com\/en\/wp-json\/wp\/v2\/comments?post=3253"}],"version-history":[{"count":7,"href":"https:\/\/deepfloweurope.com\/en\/wp-json\/wp\/v2\/pages\/3253\/revisions"}],"predecessor-version":[{"id":3880,"href":"https:\/\/deepfloweurope.com\/en\/wp-json\/wp\/v2\/pages\/3253\/revisions\/3880"}],"wp:attachment":[{"href":"https:\/\/deepfloweurope.com\/en\/wp-json\/wp\/v2\/media?parent=3253"}],"curies":[{"name":"wp","href":"https:\/\/api.w.org\/{rel}","templated":true}]}}